{"id":61,"date":"2018-06-25T10:52:46","date_gmt":"2018-06-25T10:52:46","guid":{"rendered":"https:\/\/www.digitalbimitalia.it\/?page_id=61"},"modified":"2020-12-14T15:37:25","modified_gmt":"2020-12-14T15:37:25","slug":"home-page","status":"publish","type":"page","link":"https:\/\/digitalbimitalia-staging2026.senaf.it\/it\/","title":{"rendered":"Home page"},"content":{"rendered":"[vc_row equal_height=&#8221;yes&#8221; el_class=&#8221;pt-4&#8243;][vc_column offset=&#8221;vc_col-md-offset-2 vc_col-md-8&#8243;][vc_column_text el_id=&#8221;programma&#8221;]\n<h2 style=\"text-align: center\"><span style=\"font-size: 26px;line-height: 20px\">Torna DIGITAL&amp;BIM Italia<\/span><\/h2>\n<p style=\"text-align: center\"><strong>La prima e sola iniziativa \u2013 italiana \u2013 dedicata esclusivamente alla trasformazione del settore delle costruzioni attraverso la digitalizzazione, le tecnologie e l\u2019innovazione.<\/strong><\/p>\n<p style=\"text-align: center\"><strong>DIGITAL&amp;BIM<\/strong>\u00a0<strong>Italia<\/strong> dar\u00e0 spazio alle pi\u00f9 recenti tecnologie digitali in collaborazione con alcune delle pi\u00f9 grandi aziende di tecnologia e costruzioni, anche attraverso dimostrazioni interattive, seminari, workshop, lezioni e eventi di networking.<\/p>\n[\/vc_column_text][vc_column_text]\n<p style=\"text-align: center\"><a class=\"btn btn-lg btn-primary my-1 mx-1\" href=\"https:\/\/www.digitalbimitalia.it\/it\/evento\/\">Scopri di pi\u00f9<\/a> <a class=\"btn btn-lg btn-primary my-2\" href=\"https:\/\/www.digitalbimitalia.it\/it\/programma\/\">Programma eventi<\/a><\/p>\n[\/vc_column_text][\/vc_column][\/vc_row][vc_row equal_height=&#8221;yes&#8221; el_class=&#8221;my-1 bg-gray py-2&#8243;][vc_column][vc_row_inner][vc_column_inner offset=&#8221;vc_col-md-offset-2 vc_col-md-8&#8243;][vc_column_text el_class=&#8221;mt-1&#8243;]\n<h3 style=\"text-align: center\">Alla scoperta di DIGITAL&amp;BIM Italia<\/h3>\n[\/vc_column_text][\/vc_column_inner][\/vc_row_inner][vc_row_inner][vc_column_inner width=&#8221;1\/6&#8243;][\/vc_column_inner][vc_column_inner el_class=&#8221;px-1&#8243; width=&#8221;2\/3&#8243;][vc_video link=&#8221;https:\/\/www.youtube.com\/watch?v=DUOhX_kuwaI&#8221; align=&#8221;center&#8221;][\/vc_column_inner][vc_column_inner width=&#8221;1\/6&#8243;][\/vc_column_inner][\/vc_row_inner][\/vc_column][\/vc_row][vc_row equal_height=&#8221;yes&#8221;][vc_column width=&#8221;1\/2&#8243; el_class=&#8221;full-box&#8221; css=&#8221;.vc_custom_1561110664142{background-image: url(\/public\/uploads\/sites\/11\/sfondo-DBIM-1-1.jpg?id=4075) !important;background-position: center !important;background-repeat: no-repeat !important;background-size: cover !important;}&#8221;][vc_column_text el_class=&#8221;py-2 px-3 py-sm-3 px-sm-5&#8243; css=&#8221;.vc_custom_1561456478753{margin-bottom: 0px !important;}&#8221;]\n<h3 style=\"text-align: center\"><span style=\"color: #ffffff\"><strong>GLI APPROFONDIMENTI SU<br \/>\n<\/strong><\/span><img decoding=\"async\" loading=\"lazy\" class=\"wp-image-3650 aligncenter\" src=\"\/public\/uploads\/sites\/11\/01building_logo.png\" alt=\"\" width=\"230\" height=\"46\" srcset=\"\/public\/uploads\/sites\/11\/01building_logo.png 480w, \/public\/uploads\/sites\/11\/01building_logo-300x60.png 300w\" sizes=\"(max-width: 230px) 100vw, 230px\" \/><\/h3>\n<p style=\"text-align: center\"><span style=\"color: #ffffff\">Le news e le informazioni di approfondimento degli eventi che caratterizzeranno DIGITAL&amp;BIM 2019. In particolare il Forum <strong>\u00abBIM4PA\u00bb<\/strong> su Digitalizzazione e PA<\/span><\/p>\n<p style=\"text-align: center\"><span style=\"color: #ffffff\"><em>Coordinato dal prof. Angelo Ciribini<\/em><\/span><\/p>\n<p style=\"text-align: center\"><a class=\"btn btn-lg btn-primary my-1 mx-1\" href=\"https:\/\/www.digitalbimitalia.it\/it\/approfondimenti-2\/bim4pa\/\">Scopri di pi\u00f9<\/a><\/p>\n[\/vc_column_text][\/vc_column][vc_column width=&#8221;1\/2&#8243; el_class=&#8221;full-box&#8221; css=&#8221;.vc_custom_1561110830391{background-image: url(\/public\/uploads\/sites\/11\/sfondo-DBIM-1-1.jpg?id=4075) !important;background-position: center !important;background-repeat: no-repeat !important;background-size: cover !important;}&#8221;][vc_column_text el_class=&#8221;py-2 px-3 py-sm-3 px-sm-5&#8243; css=&#8221;.vc_custom_1607960142255{margin-bottom: 0px !important;background-image: url(\/public\/uploads\/sites\/11\/sfondo-DBIM-1.jpg?id=3712) !important;background-position: center !important;background-repeat: no-repeat !important;background-size: cover !important;}&#8221;]\n<h3 style=\"text-align: center;\"><span style=\"color: #ffffff;\"><strong>BIM&amp;DIGITAL AWARD<\/strong><\/span><\/h3>\n<p style=\"text-align: center;\"><span style=\"color: #ffffff;\"><img decoding=\"async\" loading=\"lazy\" class=\"aligncenter size-medium wp-image-3855\" src=\"\/public\/uploads\/sites\/11\/BIM-Award-300x109.png\" alt=\"\" width=\"300\" height=\"109\" srcset=\"\/public\/uploads\/sites\/11\/BIM-Award-300x109.png 300w, \/public\/uploads\/sites\/11\/BIM-Award-768x279.png 768w, \/public\/uploads\/sites\/11\/BIM-Award-1024x372.png 1024w, \/public\/uploads\/sites\/11\/BIM-Award.png 1380w\" sizes=\"(max-width: 300px) 100vw, 300px\" \/>Premio per la digitalizzazione<br \/>\n<\/span><span style=\"color: #ffffff;\">dell&#8217;ambiente costruito.<\/span><\/p>\n<p style=\"text-align: center;\"><a class=\"btn btn-lg btn-primary my-1 mx-1\" href=\"https:\/\/www.digitalbimitalia.it\/it\/news-2\/bimdigital-award-2020-premiazione\/\">Scopri i finalisti dell&#8217;edizione 2020<\/a><\/p>\n[\/vc_column_text][\/vc_column][\/vc_row][vc_column][\/vc_column]\n","protected":false},"excerpt":{"rendered":"<p>[vc_row equal_height=&#8221;yes&#8221; el_class=&#8221;pt-4&#8243;][vc_column offset=&#8221;vc_col-md-offset-2 vc_col-md-8&#8243;][vc_column_text el_id=&#8221;programma&#8221;] Torna DIGITAL&amp;BIM Italia La prima e sola iniziativa \u2013 italiana \u2013 dedicata esclusivamente alla trasformazione del settore delle costruzioni attraverso la digitalizzazione, le tecnologie e l\u2019innovazione. DIGITAL&amp;BIM\u00a0Italia dar\u00e0 spazio alle pi\u00f9 recenti tecnologie digitali in collaborazione con alcune delle pi\u00f9 grandi aziende di tecnologia e costruzioni, anche attraverso dimostrazioni [&hellip;]<\/p>\n","protected":false},"author":1,"featured_media":0,"parent":0,"menu_order":0,"comment_status":"closed","ping_status":"closed","template":"homepage.php","meta":[],"acf":[],"aioseo_notices":[],"_links":{"self":[{"href":"https:\/\/digitalbimitalia-staging2026.senaf.it\/it\/wp-json\/wp\/v2\/pages\/61"}],"collection":[{"href":"https:\/\/digitalbimitalia-staging2026.senaf.it\/it\/wp-json\/wp\/v2\/pages"}],"about":[{"href":"https:\/\/digitalbimitalia-staging2026.senaf.it\/it\/wp-json\/wp\/v2\/types\/page"}],"author":[{"embeddable":true,"href":"https:\/\/digitalbimitalia-staging2026.senaf.it\/it\/wp-json\/wp\/v2\/users\/1"}],"replies":[{"embeddable":true,"href":"https:\/\/digitalbimitalia-staging2026.senaf.it\/it\/wp-json\/wp\/v2\/comments?post=61"}],"version-history":[{"count":3,"href":"https:\/\/digitalbimitalia-staging2026.senaf.it\/it\/wp-json\/wp\/v2\/pages\/61\/revisions"}],"predecessor-version":[{"id":7445,"href":"https:\/\/digitalbimitalia-staging2026.senaf.it\/it\/wp-json\/wp\/v2\/pages\/61\/revisions\/7445"}],"wp:attachment":[{"href":"https:\/\/digitalbimitalia-staging2026.senaf.it\/it\/wp-json\/wp\/v2\/media?parent=61"}],"curies":[{"name":"wp","href":"https:\/\/api.w.org\/{rel}","templated":true}]}}