{"id":4041,"date":"2019-06-19T14:30:17","date_gmt":"2019-06-19T14:30:17","guid":{"rendered":"https:\/\/www.digitalbimitalia.it\/?page_id=4041"},"modified":"2019-06-19T14:30:53","modified_gmt":"2019-06-19T14:30:53","slug":"strumenti-di-comunicazione","status":"publish","type":"page","link":"https:\/\/digitalbimitalia-staging2026.senaf.it\/it\/strumenti-di-comunicazione\/","title":{"rendered":"Strumenti di comunicazione"},"content":{"rendered":"[vc_row equal_height=&#8221;yes&#8221; el_class=&#8221;my-1&#8243;][vc_column][vc_row_inner equal_height=&#8221;yes&#8221; content_placement=&#8221;top&#8221;][vc_column_inner el_class=&#8221;py-lg-2 px-lg-5&#8243; width=&#8221;2\/3&#8243;][vc_column_text]\n<h2>Materiali grafici scaricabili gratis<\/h2>\n<p class=\"subtitle\">Promuovi e pubblicizza la tua partecipazione a Digital&amp;BIM<\/p>\n<p>Loghi ed Etichette per pubblicizzare la tua presenza in Fiera: puoi inserirli nella tua e-mail o sul tuo sito<br \/>\n<a class=\"btn btn-lg btn-primary outline my-2\" href=\"\/public\/uploads\/sites\/11\/Banner_DB-Comunicazione.zip\" rel=\"noopener\">Scarica loghi e banner\u00a0<\/a><\/p>\n<h3>Brochure PDF<\/h3>\n<p><a class=\"btn btn-lg btn-primary outline my-2\" href=\"https:\/\/www.digitalbimitalia.it\/public\/uploads\/sites\/11\/Folder-DB-A5-WEB.pdf\" target=\"_blank\" rel=\"noopener noreferrer\">Scarica<\/a>[\/vc_column_text][vc_column_text]<a class=\"btn btn-lg btn-primary my-1\" href=\"\/it\/contatti\/\">Richiedi informazioni<\/a>[\/vc_column_text][\/vc_column_inner][vc_column_inner el_class=&#8221;p-1 p-sm-3 p-lg-4 bg-darker&#8221; width=&#8221;1\/3&#8243;][vc_column_text]\n<h3 class=\"mt-0\">Espositori<\/h3>\n[\/vc_column_text][vc_wp_custommenu nav_menu=&#8221;10&#8243;][\/vc_column_inner][\/vc_row_inner][\/vc_column][\/vc_row][vc_row equal_height=&#8221;yes&#8221; el_class=&#8221;my-1 bg-gray&#8221;][vc_column el_class=&#8221;p-1 p-sm-3 p-lg-4&#8243; offset=&#8221;vc_col-md-offset-2 vc_col-md-8&#8243;][vc_column_text]\n<h2>Visibilit\u00e0 gratuita per gli espositori<\/h2>\n<p>Per accrescere la propria visibilit\u00e0, oltre alla campagna di comunicazione massiva, ciascuna azienda pu\u00f2 contare su una serie di strumenti specifici ed efficaci, messi a disposizione gratuitamente dalla manifestazione.[\/vc_column_text][vc_row_inner][vc_column_inner][vc_column_text]\n<h3>1) Invito digitale personalizzato<\/h3>\n<p>Avrai la possibilit\u00e0 di inviare ai tuoi clienti un biglietto invito in formato digitale riportante il nome dell&#8217;azienda e il posizionamento del vostro stand, per ricordare loro l&#8217;appuntamento.[\/vc_column_text][vc_column_text]\n<h3>2) Pubblicit\u00e0 sul sito della Fiera<\/h3>\n<p>Il sito della fiera, sempre aggiornato, viene visitato da oltre 50.000 operatori del settore. Strumento funzionale per organizzare la visita, per richiedere online il biglietto di ingresso alla manifestazione e per trovare nuovi fornitori qualificati.[\/vc_column_text][vc_column_text]\n<h3>3) Novit\u00e0 per la stampa<\/h3>\n<p>\u00c8 attivo un efficace servizio che consente di inserire in modo autonomo un comunicato, novit\u00e0 di prodotto e foto. Riceverai una mail con un link che ti permetter\u00e0 di accedere alla tua\u00a0pagina online dove avrai la possibilit\u00e0 di inserire:<\/p>\n<ul>\n<li><b>comunicati stampa<\/b>\u00a0che evidenziano le novit\u00e0 che proporrai in fiera<\/li>\n<li><strong>schede con foto <\/strong>dei\u00a0prodotti innovativi<\/li>\n<\/ul>\n<p>Questi strumenti promozionali saranno messi a disposizione di tutti i visitatori del sito e dell&#8217;ufficio stampa.[\/vc_column_text][\/vc_column_inner][\/vc_row_inner][vc_column_text el_class=&#8221;text-center&#8221;]\n<p style=\"text-align: left\"><a class=\"btn btn-lg btn-primary my-2\" href=\"\/it\/contatti\/\">Richiedi informazioni<\/a><\/p>\n[\/vc_column_text][\/vc_column][\/vc_row][vc_row equal_height=&#8221;yes&#8221; el_class=&#8221;my-1&#8243;][vc_column][vc_row_inner equal_height=&#8221;yes&#8221; content_placement=&#8221;top&#8221;][vc_column_inner el_class=&#8221;col-img&#8221; width=&#8221;1\/3&#8243; css=&#8221;.vc_custom_1560954614948{background-image: url(\/public\/uploads\/sites\/11\/sfondo-DBIM-5.png?id=4049) !important;background-position: center !important;background-repeat: no-repeat !important;background-size: cover !important;}&#8221;][\/vc_column_inner][vc_column_inner el_class=&#8221;py-lg-2 px-lg-5&#8243; offset=&#8221;vc_col-md-8&#8243;][vc_column_text]\n<h2>Strumenti a richiesta a pagamento<\/h2>\n<p class=\"subtitle\">Su richiesta Digital&amp;BIM mette a tua disposizione importanti strumenti di comunicazione a supporto della tua partecipazione<\/p>\n[\/vc_column_text][vc_column_text]<a class=\"btn btn-lg btn-primary my-2\" href=\"\/it\/contatti\/\">Richiedi informazioni<\/a>[\/vc_column_text][\/vc_column_inner][\/vc_row_inner][\/vc_column][\/vc_row]\n","protected":false},"excerpt":{"rendered":"<p>[vc_row equal_height=&#8221;yes&#8221; el_class=&#8221;my-1&#8243;][vc_column][vc_row_inner equal_height=&#8221;yes&#8221; content_placement=&#8221;top&#8221;][vc_column_inner el_class=&#8221;py-lg-2 px-lg-5&#8243; width=&#8221;2\/3&#8243;][vc_column_text] Materiali grafici scaricabili gratis Promuovi e pubblicizza la tua partecipazione a Digital&amp;BIM Loghi ed Etichette per pubblicizzare la tua presenza in Fiera: puoi inserirli nella tua e-mail o sul tuo sito Scarica loghi e banner\u00a0 Brochure PDF Scarica[\/vc_column_text][vc_column_text]Richiedi informazioni[\/vc_column_text][\/vc_column_inner][vc_column_inner el_class=&#8221;p-1 p-sm-3 p-lg-4 bg-darker&#8221; width=&#8221;1\/3&#8243;][vc_column_text] Espositori [\/vc_column_text][vc_wp_custommenu nav_menu=&#8221;10&#8243;][\/vc_column_inner][\/vc_row_inner][\/vc_column][\/vc_row][vc_row [&hellip;]<\/p>\n","protected":false},"author":16,"featured_media":3864,"parent":0,"menu_order":0,"comment_status":"closed","ping_status":"closed","template":"","meta":[],"acf":[],"aioseo_notices":[],"_links":{"self":[{"href":"https:\/\/digitalbimitalia-staging2026.senaf.it\/it\/wp-json\/wp\/v2\/pages\/4041"}],"collection":[{"href":"https:\/\/digitalbimitalia-staging2026.senaf.it\/it\/wp-json\/wp\/v2\/pages"}],"about":[{"href":"https:\/\/digitalbimitalia-staging2026.senaf.it\/it\/wp-json\/wp\/v2\/types\/page"}],"author":[{"embeddable":true,"href":"https:\/\/digitalbimitalia-staging2026.senaf.it\/it\/wp-json\/wp\/v2\/users\/16"}],"replies":[{"embeddable":true,"href":"https:\/\/digitalbimitalia-staging2026.senaf.it\/it\/wp-json\/wp\/v2\/comments?post=4041"}],"version-history":[{"count":2,"href":"https:\/\/digitalbimitalia-staging2026.senaf.it\/it\/wp-json\/wp\/v2\/pages\/4041\/revisions"}],"predecessor-version":[{"id":4052,"href":"https:\/\/digitalbimitalia-staging2026.senaf.it\/it\/wp-json\/wp\/v2\/pages\/4041\/revisions\/4052"}],"wp:featuredmedia":[{"embeddable":true,"href":"https:\/\/digitalbimitalia-staging2026.senaf.it\/it\/wp-json\/wp\/v2\/media\/3864"}],"wp:attachment":[{"href":"https:\/\/digitalbimitalia-staging2026.senaf.it\/it\/wp-json\/wp\/v2\/media?parent=4041"}],"curies":[{"name":"wp","href":"https:\/\/api.w.org\/{rel}","templated":true}]}}