{"id":1518,"date":"2018-09-04T20:45:49","date_gmt":"2018-09-04T20:45:49","guid":{"rendered":"https:\/\/www.digitalbimitalia.it\/?page_id=1518"},"modified":"2018-10-16T16:07:29","modified_gmt":"2018-10-16T16:07:29","slug":"biglietto-convegni","status":"publish","type":"page","link":"https:\/\/digitalbimitalia-staging2026.senaf.it\/it\/biglietto-convegni\/","title":{"rendered":"Biglietto Convegni"},"content":{"rendered":"[vc_row equal_height=&#8221;yes&#8221; el_class=&#8221;my-1&#8243;][vc_column][vc_row_inner equal_height=&#8221;yes&#8221; content_placement=&#8221;top&#8221;][vc_column_inner el_class=&#8221;py-lg-2 px-lg-5&#8243; width=&#8221;2\/3&#8243;][vc_column_text el_class=&#8221;mb-2&#8243;]\n<h2>Richiedi il biglietto online<\/h2>\n[\/vc_column_text][vc_column_text]Partecipa a DIGITAL&amp;BIM Italia: incontri, conferenze, informazioni tecniche e seminari di alta formazione per la tua professione.<\/p>\n<p style=\"font-weight: 400\">Ingresso a pagamento disponibile tramite registrazione, <strong>fino ad esaurimento posti:<\/strong><\/p>\n<h5>\u00b7\u00a0\u00a0\u00a0\u00a0\u00a0\u00a0\u00a0\u00a0\u00a0<span style=\"color: #00ccff\">CONFERENZA INTERNAZIONALE<\/span>: 30 \u20ac ogni giornata<\/h5>\n<h5>\u00b7\u00a0\u00a0\u00a0\u00a0\u00a0\u00a0\u00a0\u00a0\u00a0<span style=\"color: #00ccff\">LABORATORI BIM<\/span>: 20 \u20ac ogni giornata<\/h5>\n<h5>\u00b7\u00a0\u00a0\u00a0\u00a0\u00a0\u00a0\u00a0\u00a0\u00a0<span style=\"color: #00ccff\">DIGITAL TALK LAB<\/span>: 200 \u20ac ogni Digital Talk Lab<\/h5>\n[\/vc_column_text][vc_column_text]\n<div class=\"vc_message_box vc_message_box-standard vc_message_box-rounded vc_color-info\">\n<p><img decoding=\"async\" loading=\"lazy\" class=\"wp-image-2622 alignleft\" src=\"\/public\/uploads\/sites\/11\/punto-esclamativo-black.png\" alt=\"\" width=\"82\" height=\"82\" srcset=\"\/public\/uploads\/sites\/11\/punto-esclamativo-black.png 338w, \/public\/uploads\/sites\/11\/punto-esclamativo-black-150x150.png 150w, \/public\/uploads\/sites\/11\/punto-esclamativo-black-300x300.png 300w\" sizes=\"(max-width: 82px) 100vw, 82px\" \/><\/p>\n<h5 style=\"text-align: left;padding-left: 30px\"><span style=\"color: #000000\">A seguito della chiusura del preaccredito online, sar\u00e0 possibile acquistare il biglietto per i singoli convegni direttamente\u00a0in reception presso l&#8217;ingresso Sud Aldo Moro, tramite pagamento in contanti<\/span><\/h5>\n<\/div>\n<p style=\"font-weight: 400\">Il biglietto ti consentir\u00e0 di accedere alla sessione convegnistica da te prenotata.<\/p>\n<p style=\"font-weight: 400\"><strong>Per accedere al quartiere fieristico \u00e8 necessario essere muniti del ticket di ingresso a SAIE<\/strong> nell\u2019ambito della quale si tiene DIGITAL&amp;BIM Italia. Il tuo ticket SAIE verr\u00e0 inserito in automatico nella mail di conferma iscrizione e ti dar\u00e0 la possibilit\u00e0\u00a0 di visitare l\u2019area espositiva di SAIE; i convegni di SAIE; le arene DIGITAL&amp;BIM.<\/p>\n<p>\u00a0[\/vc_column_text][\/vc_column_inner][vc_column_inner el_class=&#8221;p-1 p-sm-3 p-lg-4 bg-darker&#8221; width=&#8221;1\/3&#8243;][vc_column_text]\n<h3 class=\"mt-0\">Informazioni<\/h3>\n[\/vc_column_text][vc_wp_custommenu nav_menu=&#8221;4&#8243;][\/vc_column_inner][\/vc_row_inner][\/vc_column][\/vc_row]\n","protected":false},"excerpt":{"rendered":"<p>[vc_row equal_height=&#8221;yes&#8221; el_class=&#8221;my-1&#8243;][vc_column][vc_row_inner equal_height=&#8221;yes&#8221; content_placement=&#8221;top&#8221;][vc_column_inner el_class=&#8221;py-lg-2 px-lg-5&#8243; width=&#8221;2\/3&#8243;][vc_column_text el_class=&#8221;mb-2&#8243;] Richiedi il biglietto online [\/vc_column_text][vc_column_text]Partecipa a DIGITAL&amp;BIM Italia: incontri, conferenze, informazioni tecniche e seminari di alta formazione per la tua professione. Ingresso a pagamento disponibile tramite registrazione, fino ad esaurimento posti: \u00b7\u00a0\u00a0\u00a0\u00a0\u00a0\u00a0\u00a0\u00a0\u00a0CONFERENZA INTERNAZIONALE: 30 \u20ac ogni giornata \u00b7\u00a0\u00a0\u00a0\u00a0\u00a0\u00a0\u00a0\u00a0\u00a0LABORATORI BIM: 20 \u20ac ogni giornata \u00b7\u00a0\u00a0\u00a0\u00a0\u00a0\u00a0\u00a0\u00a0\u00a0DIGITAL TALK LAB: [&hellip;]<\/p>\n","protected":false},"author":16,"featured_media":180,"parent":0,"menu_order":0,"comment_status":"closed","ping_status":"closed","template":"","meta":[],"acf":[],"aioseo_notices":[],"_links":{"self":[{"href":"https:\/\/digitalbimitalia-staging2026.senaf.it\/it\/wp-json\/wp\/v2\/pages\/1518"}],"collection":[{"href":"https:\/\/digitalbimitalia-staging2026.senaf.it\/it\/wp-json\/wp\/v2\/pages"}],"about":[{"href":"https:\/\/digitalbimitalia-staging2026.senaf.it\/it\/wp-json\/wp\/v2\/types\/page"}],"author":[{"embeddable":true,"href":"https:\/\/digitalbimitalia-staging2026.senaf.it\/it\/wp-json\/wp\/v2\/users\/16"}],"replies":[{"embeddable":true,"href":"https:\/\/digitalbimitalia-staging2026.senaf.it\/it\/wp-json\/wp\/v2\/comments?post=1518"}],"version-history":[{"count":17,"href":"https:\/\/digitalbimitalia-staging2026.senaf.it\/it\/wp-json\/wp\/v2\/pages\/1518\/revisions"}],"predecessor-version":[{"id":2748,"href":"https:\/\/digitalbimitalia-staging2026.senaf.it\/it\/wp-json\/wp\/v2\/pages\/1518\/revisions\/2748"}],"wp:featuredmedia":[{"embeddable":true,"href":"https:\/\/digitalbimitalia-staging2026.senaf.it\/it\/wp-json\/wp\/v2\/media\/180"}],"wp:attachment":[{"href":"https:\/\/digitalbimitalia-staging2026.senaf.it\/it\/wp-json\/wp\/v2\/media?parent=1518"}],"curies":[{"name":"wp","href":"https:\/\/api.w.org\/{rel}","templated":true}]}}